{"id":259,"date":"2019-01-09T13:45:01","date_gmt":"2019-01-09T12:45:01","guid":{"rendered":"http:\/\/playbot4all.polimi.it\/?page_id=259"},"modified":"2021-05-17T15:59:21","modified_gmt":"2021-05-17T13:59:21","slug":"playbotcontest","status":"publish","type":"page","link":"https:\/\/playbot4all.polimi.it\/?page_id=259","title":{"rendered":"Passion in Action"},"content":{"rendered":"<p>Nell&#8217;ambito delle iniziative di <a href=\"https:\/\/www.polimi.it\/corsi\/didattica-innovativa\/\" target=\"_blank\" rel=\"noopener noreferrer\">Passion in Action<\/a> del <a href=\"https:\/\/www.polimi.it\" target=\"_blank\" rel=\"noopener noreferrer\">Politecnico di Milano<\/a> viene periodicamente proposta la possibilit\u00e0 di realizzare in gruppi interdsciplinari dei robot nello spirito di Playbot4All.<\/p>\n<p>Bambini con disabilit\u00e0 di diverso tipo possono avere problemi a giocare da soli o con compagni anche senza disabilit\u00e0. Con questa attivit\u00e0 si vogliono realizzare piccoli robot od oggetti elettronici che possano essere usati da questi bambini per giocare, utilizzando risorse messe a disposizione dal corso. La competizione si svolge nel secondo semestre e deve portare ad oggetti funzionanti in grado di essere valutati sul campo in sicurezza. Le tecnologie usate possono includere Arduino o ESP32, Raspberry PI, app su telefono, sensori e attuatori. Obiettivo del laboratorio \u00e8 fornire la possibilit\u00e0 di operare in modo pratico con sensori, attuatori e microprocessori per raggiungere un obiettivo definito, di utilit\u00e0 sociale.<\/p>\n<p>Il processo di apprendimento \u00e8 di tipo costruttivista (Papert) improntato al <em>learning by doing<\/em>: gli studenti, che dovranno avere competenze di base di programmazione o design, riceveranno un&#8217;introduzione di due ore relative all&#8217;utilizzo di sensori e attuatori, di un\u2019ora relativa al design di oggetti mobili, e di due ore relative alle problematiche di disabilit\u00e0 che si dovranno affrontare, iniziando l\u2019attivit\u00e0 di co-design con l\u2019utente finale. I partecipanti saranno liberi di organizzarsi in gruppi. Durante tutta l&#8217;attivit\u00e0 saranno supportati dal Laboratorio di Intelligenza Artificiale e Robotica (AIRLab) che sar\u00e0 accessibile per loro. Sono previsti due momenti di verifica intermedia formale del progetto, e del primo prototipo. Inoltre, almeno una volta alla settimana, in un giorno definito, sar\u00e0 possibile interagire con il docente per avere feedback e suggerimenti. Nella giornata finale si porteranno i robot presso una struttura, COVID permettendo) dove saranno provati sul campo, oppure si cercher\u00e0 comunque di avere feedback dai terapisti e operatori. Alla fine, gli elaborati verranno lasciati presso gli utenti finali che avranno partecipato alla definizione delle specifiche e al test finale. Robot che supereranno questa valutazione potranno partecipare a una gara nazionale per riabilitazione robotizzata.<\/p>\n<p>Nel secondo semestre dell&#8217;anno accademico 2020-2021 il corso \u00e8 stato realizzato in collaborazione con l&#8217;associazione <a href=\"http:\/\/www.hackability.it\/\">Hackability<\/a>.<\/p>\n<h5 align=\"justify\">Iscrizioni<\/h5>\n<p align=\"justify\">Tipicamente le iscrizioni sono effettuate entro l&#8217;inizio del semestre. Per il prossimo semestre il corso non \u00e8 ancora stato attivato.<\/p>\n<h5 align=\"justify\">Informazioni<\/h5>\n<p align=\"justify\"><a href=\"mailto:andrea.bonarini@polimi.it\">Andrea Bonarini<\/a><\/p>\n<h5>Date e aule<\/h5>\n<p>TBD<\/p>\n<p>Il sito di riferimento per il corso su cui sono a disposizione materiali si trova a questo <a href=\"https:\/\/polimi365-my.sharepoint.com\/:f:\/g\/personal\/10020734_polimi_it\/Eml-36K9PwFLmlXwU_HD76kBQfWW_5vmoJf8NO8Aq8rstw?e=aCoTLv\" target=\"_blank\" rel=\"noopener\">link<\/a>.<\/p>\n<p align=\"justify\">\u00a0<\/p>\n\n\n<p><\/p>\n","protected":false},"excerpt":{"rendered":"<p>Nell&#8217;ambito delle iniziative di Passion in Action del Politecnico di Milano viene periodicamente proposta la possibilit\u00e0 di realizzare in gruppi interdsciplinari dei robot nello spirito di Playbot4All. Bambini con disabilit\u00e0 di diverso tipo possono avere problemi a giocare da soli o con compagni anche senza disabilit\u00e0. Con questa attivit\u00e0 si vogliono realizzare piccoli robot od &hellip; <\/p>\n<p class=\"link-more\"><a href=\"https:\/\/playbot4all.polimi.it\/?page_id=259\" class=\"more-link\">Continue reading<span class=\"screen-reader-text\"> &#8220;Passion in Action&#8221;<\/span><\/a><\/p>\n","protected":false},"author":2,"featured_media":0,"parent":0,"menu_order":0,"comment_status":"closed","ping_status":"closed","template":"","meta":{"_vp_format_video_url":"","_vp_image_focal_point":[],"footnotes":""},"class_list":["post-259","page","type-page","status-publish","hentry"],"_links":{"self":[{"href":"https:\/\/playbot4all.polimi.it\/index.php?rest_route=\/wp\/v2\/pages\/259","targetHints":{"allow":["GET"]}}],"collection":[{"href":"https:\/\/playbot4all.polimi.it\/index.php?rest_route=\/wp\/v2\/pages"}],"about":[{"href":"https:\/\/playbot4all.polimi.it\/index.php?rest_route=\/wp\/v2\/types\/page"}],"author":[{"embeddable":true,"href":"https:\/\/playbot4all.polimi.it\/index.php?rest_route=\/wp\/v2\/users\/2"}],"replies":[{"embeddable":true,"href":"https:\/\/playbot4all.polimi.it\/index.php?rest_route=%2Fwp%2Fv2%2Fcomments&post=259"}],"version-history":[{"count":10,"href":"https:\/\/playbot4all.polimi.it\/index.php?rest_route=\/wp\/v2\/pages\/259\/revisions"}],"predecessor-version":[{"id":398,"href":"https:\/\/playbot4all.polimi.it\/index.php?rest_route=\/wp\/v2\/pages\/259\/revisions\/398"}],"wp:attachment":[{"href":"https:\/\/playbot4all.polimi.it\/index.php?rest_route=%2Fwp%2Fv2%2Fmedia&parent=259"}],"curies":[{"name":"wp","href":"https:\/\/api.w.org\/{rel}","templated":true}]}}